{"id":647,"date":"2023-11-05T11:30:01","date_gmt":"2023-11-05T11:30:01","guid":{"rendered":"http:\/\/www.steelpower.pt\/?page_id=647"},"modified":"2024-08-07T05:45:29","modified_gmt":"2024-08-07T05:45:29","slug":"projectos-em-curso","status":"publish","type":"page","link":"https:\/\/www.steelpower.pt\/?page_id=647","title":{"rendered":"Projectos em curso"},"content":{"rendered":"\t\t<div data-elementor-type=\"wp-page\" data-elementor-id=\"647\" class=\"elementor elementor-647\">\n\t\t\t\t<div class=\"elementor-element elementor-element-efd1d5f e-flex e-con-boxed e-con e-parent\" data-id=\"efd1d5f\" data-element_type=\"container\" data-e-type=\"container\">\n\t\t\t\t\t<div class=\"e-con-inner\">\n\t\t\t\t<div class=\"elementor-element elementor-element-dea4f93 elementor-widget elementor-widget-elementskit-heading\" data-id=\"dea4f93\" data-element_type=\"widget\" data-e-type=\"widget\" data-widget_type=\"elementskit-heading.default\">\n\t\t\t\t<div class=\"elementor-widget-container\">\n\t\t\t\t\t<div class=\"ekit-wid-con\" ><div class=\"ekit-heading elementskit-section-title-wraper text_left   ekit_heading_tablet-   ekit_heading_mobile-\"><h3 class=\"ekit-heading--title elementskit-section-title \">Projectos <span><span>em curso<\/span><\/span><\/h3><\/div><\/div>\t\t\t\t<\/div>\n\t\t\t\t<\/div>\n\t\t\t\t\t<\/div>\n\t\t\t\t<\/div>\n\t\t<div class=\"elementor-element elementor-element-1784430 e-flex e-con-boxed e-con e-parent\" data-id=\"1784430\" data-element_type=\"container\" data-e-type=\"container\">\n\t\t\t\t\t<div class=\"e-con-inner\">\n\t\t<div class=\"elementor-element elementor-element-89a4a9b e-con-full e-flex e-con e-child\" data-id=\"89a4a9b\" data-element_type=\"container\" data-e-type=\"container\">\n\t\t\t\t<div class=\"elementor-element elementor-element-1ab59d0 elementor-position-left elementor-vertical-align-middle elementor-widget elementor-widget-image-box\" data-id=\"1ab59d0\" data-element_type=\"widget\" data-e-type=\"widget\" data-widget_type=\"image-box.default\">\n\t\t\t\t<div class=\"elementor-widget-container\">\n\t\t\t\t\t<div class=\"elementor-image-box-wrapper\"><figure class=\"elementor-image-box-img\"><img fetchpriority=\"high\" decoding=\"async\" width=\"1600\" height=\"1200\" src=\"https:\/\/www.steelpower.pt\/wp-content\/uploads\/2024\/08\/estadio.jpeg\" class=\"attachment-full size-full wp-image-2501\" alt=\"\" srcset=\"https:\/\/www.steelpower.pt\/wp-content\/uploads\/2024\/08\/estadio.jpeg 1600w, https:\/\/www.steelpower.pt\/wp-content\/uploads\/2024\/08\/estadio-300x225.jpeg 300w, https:\/\/www.steelpower.pt\/wp-content\/uploads\/2024\/08\/estadio-1024x768.jpeg 1024w, https:\/\/www.steelpower.pt\/wp-content\/uploads\/2024\/08\/estadio-768x576.jpeg 768w, https:\/\/www.steelpower.pt\/wp-content\/uploads\/2024\/08\/estadio-1536x1152.jpeg 1536w\" sizes=\"(max-width: 1600px) 100vw, 1600px\" \/><\/figure><div class=\"elementor-image-box-content\"><h5 class=\"elementor-image-box-title\">Pavilh\u00e3o industrial<\/h5><p class=\"elementor-image-box-description\">Localidade: Mur\u00e7a - Vila Real<\/p><\/div><\/div>\t\t\t\t<\/div>\n\t\t\t\t<\/div>\n\t\t\t\t<\/div>\n\t\t<div class=\"elementor-element elementor-element-2706456 e-con-full e-flex e-con e-child\" data-id=\"2706456\" data-element_type=\"container\" data-e-type=\"container\">\n\t\t\t\t<div class=\"elementor-element elementor-element-1f88288 elementor-position-left elementor-vertical-align-middle elementor-widget elementor-widget-image-box\" data-id=\"1f88288\" data-element_type=\"widget\" data-e-type=\"widget\" data-widget_type=\"image-box.default\">\n\t\t\t\t<div class=\"elementor-widget-container\">\n\t\t\t\t\t<div class=\"elementor-image-box-wrapper\"><figure class=\"elementor-image-box-img\"><img decoding=\"async\" width=\"800\" height=\"600\" src=\"https:\/\/www.steelpower.pt\/wp-content\/uploads\/2024\/07\/IMG20240626134801-a8.jpg\" class=\"attachment-full size-full wp-image-2484\" alt=\"\" srcset=\"https:\/\/www.steelpower.pt\/wp-content\/uploads\/2024\/07\/IMG20240626134801-a8.jpg 800w, https:\/\/www.steelpower.pt\/wp-content\/uploads\/2024\/07\/IMG20240626134801-a8-300x225.jpg 300w, https:\/\/www.steelpower.pt\/wp-content\/uploads\/2024\/07\/IMG20240626134801-a8-768x576.jpg 768w\" sizes=\"(max-width: 800px) 100vw, 800px\" \/><\/figure><div class=\"elementor-image-box-content\"><h5 class=\"elementor-image-box-title\">ARMAZ\u00c9M CAMARA<\/h5><p class=\"elementor-image-box-description\">Localidade: Matosinhos<\/p><\/div><\/div>\t\t\t\t<\/div>\n\t\t\t\t<\/div>\n\t\t\t\t<\/div>\n\t\t\t\t\t<\/div>\n\t\t\t\t<\/div>\n\t\t<div class=\"elementor-element elementor-element-285c5c7 e-flex e-con-boxed e-con e-parent\" data-id=\"285c5c7\" data-element_type=\"container\" data-e-type=\"container\">\n\t\t\t\t\t<div class=\"e-con-inner\">\n\t\t<div class=\"elementor-element elementor-element-4ebc03f e-con-full e-flex e-con e-child\" data-id=\"4ebc03f\" data-element_type=\"container\" data-e-type=\"container\">\n\t\t\t\t<div class=\"elementor-element elementor-element-48045c5 elementor-position-left elementor-vertical-align-middle elementor-widget elementor-widget-image-box\" data-id=\"48045c5\" data-element_type=\"widget\" data-e-type=\"widget\" data-widget_type=\"image-box.default\">\n\t\t\t\t<div class=\"elementor-widget-container\">\n\t\t\t\t\t<div class=\"elementor-image-box-wrapper\"><figure class=\"elementor-image-box-img\"><img decoding=\"async\" width=\"800\" height=\"600\" src=\"https:\/\/www.steelpower.pt\/wp-content\/uploads\/2024\/07\/a8-fav.jpg\" class=\"attachment-full size-full wp-image-2488\" alt=\"\" srcset=\"https:\/\/www.steelpower.pt\/wp-content\/uploads\/2024\/07\/a8-fav.jpg 800w, https:\/\/www.steelpower.pt\/wp-content\/uploads\/2024\/07\/a8-fav-300x225.jpg 300w, https:\/\/www.steelpower.pt\/wp-content\/uploads\/2024\/07\/a8-fav-768x576.jpg 768w\" sizes=\"(max-width: 800px) 100vw, 800px\" \/><\/figure><div class=\"elementor-image-box-content\"><h5 class=\"elementor-image-box-title\">Tapete<\/h5><p class=\"elementor-image-box-description\">Localidade: Porto<\/p><\/div><\/div>\t\t\t\t<\/div>\n\t\t\t\t<\/div>\n\t\t\t\t<\/div>\n\t\t<div class=\"elementor-element elementor-element-7dc7d2f e-con-full e-flex e-con e-child\" data-id=\"7dc7d2f\" data-element_type=\"container\" data-e-type=\"container\">\n\t\t\t\t<\/div>\n\t\t\t\t\t<\/div>\n\t\t\t\t<\/div>\n\t\t\t\t<\/div>\n\t\t","protected":false},"excerpt":{"rendered":"<p>Projectos em curso Pavilh\u00e3o industrial Localidade: Mur\u00e7a &#8211; Vila Real ARMAZ\u00c9M CAMARA Localidade: Matosinhos Tapete Localidade: Porto<\/p>\n","protected":false},"author":1,"featured_media":0,"parent":0,"menu_order":0,"comment_status":"closed","ping_status":"closed","template":"elementor_header_footer","meta":{"footnotes":""},"class_list":["post-647","page","type-page","status-publish","hentry"],"_links":{"self":[{"href":"https:\/\/www.steelpower.pt\/index.php?rest_route=\/wp\/v2\/pages\/647","targetHints":{"allow":["GET"]}}],"collection":[{"href":"https:\/\/www.steelpower.pt\/index.php?rest_route=\/wp\/v2\/pages"}],"about":[{"href":"https:\/\/www.steelpower.pt\/index.php?rest_route=\/wp\/v2\/types\/page"}],"author":[{"embeddable":true,"href":"https:\/\/www.steelpower.pt\/index.php?rest_route=\/wp\/v2\/users\/1"}],"replies":[{"embeddable":true,"href":"https:\/\/www.steelpower.pt\/index.php?rest_route=%2Fwp%2Fv2%2Fcomments&post=647"}],"version-history":[{"count":0,"href":"https:\/\/www.steelpower.pt\/index.php?rest_route=\/wp\/v2\/pages\/647\/revisions"}],"wp:attachment":[{"href":"https:\/\/www.steelpower.pt\/index.php?rest_route=%2Fwp%2Fv2%2Fmedia&parent=647"}],"curies":[{"name":"wp","href":"https:\/\/api.w.org\/{rel}","templated":true}]}}